{"id":5679,"date":"2025-09-25T00:16:37","date_gmt":"2025-09-24T22:16:37","guid":{"rendered":"https:\/\/www.gesundheit-im-blick.at\/brustkrebs\/?page_id=5679"},"modified":"2025-11-11T01:39:14","modified_gmt":"2025-11-11T00:39:14","slug":"gesundheitsbotschafterin-kontakt","status":"publish","type":"page","link":"https:\/\/www.gesundheit-im-blick.at\/brustkrebs\/gesundheitsbotschafterin-kontakt\/","title":{"rendered":"Gesundheitsbotschafter:innen Kontaktformular"},"content":{"rendered":"<hr class=\"mh-spacer mh-spacer--aa9d1caa2a034c85423eff928af297c4\" aria-hidden=\"true\" \/>\n\n\n<h1  class=\"mh-heading mh-heading--7e1abe65f22f22e6d7f99d412fffea84\"><strong><mark style=\"background-color:rgba(0, 0, 0, 0);color:#c9689e\" class=\"has-inline-color\">Kontaktformular:<\/mark> Gesundheitsbotschafter:innen<\/strong><\/h1>\n\n\n<p\n    class=\"mh-paragraph mh-paragraph--b7970cd39aea0499781a796a75f6ca6e\"\n    >\n    Gemeinsam mit unseren Projekt- und Kooperationspartner:innen unterst\u00fctzen wir Freiwillige Gesundheitsbotschafter:innen aus internationalen Communities. <br \/>\nSie helfen dabei, Frauen f\u00fcr Vorsorgeuntersuchungen zu sensibilisieren und beantworten Fragen zu frauenspezifischen Krebserkrankungen \u2013 zum Beispiel, <br \/>\nwie man \u00fcber dieses sensible Thema spricht. \u00dcber dieses Formular k\u00f6nnen Sie direkt Kontakt mit den Gesundheitsbotschafter:innen aufnehmen:<\/p>\n\n\n<div class=\"mh-columns mh-columns--vertical-alignment-center mh-column--ba982f544a6ceb29d2aa2f799829917b mh-columns--gutter-m\">\n    <div class=\"mh-columns-inner\">\n        \n<div class=\"mh-column mh-column--3ad2ad67d6c209be809867a4d9c22efb mh-column--12 mh-column--m-12 mh-column--l-6\">\n    \n\n<\/div>\n\n\n<div class=\"mh-column mh-column--f9966629661dfdad2115ce52f0e47992 mh-column--12 mh-column--m-7 mh-column--l-6\">\n    \n    <figure class=\"mh-image mh-image--37a5e4a43eebf7d0f01fad66b52076ae\" >\n                            <img decoding=\"async\"\n        class=\"\"\n        src=\"https:\/\/www.gesundheit-im-blick.at\/brustkrebs\/wp-content\/uploads\/sites\/578\/2025\/09\/Contact-form-illustration.svg?w=552\"\n        width=\"\"\n        height=\"\"\n        loading=\"lazy\"\n        alt=\"Contact form illustration\"\n            \/>\n                        <\/figure>\n\n<\/div>\n\n    <\/div>\n<\/div>\n\n\n<hr class=\"mh-spacer mh-spacer--9d50d31cb6c3cd803a932836350b83ce\" aria-hidden=\"true\" \/>\n\n\n\n<p\n    class=\"mh-paragraph mh-paragraph--4e3427a25e3c348c9dc82f01f7a6411a\"\n    >\n    AT-NON-03211, 09\/2025<\/p>\n\n\n<hr class=\"mh-separator mh-separator--dc15e96140d4f6cd3924eceb006312f8\" aria-hidden=\"true\" \/>\n\n\n","protected":false},"excerpt":{"rendered":"","protected":false},"author":927,"featured_media":0,"parent":0,"menu_order":0,"comment_status":"closed","ping_status":"closed","template":"blank-canvas-template.php","meta":{"_mh_page_language":"en_GB","_mh_page_is_rtl":false,"editor_notices":[],"footnotes":""},"ga4_page_audience":[788],"ga4_page_birn_id":[],"ga4_page_branding":[227],"ga4_page_businessunit":[231],"ga4_page_campaign":[],"ga4_page_content_purpose":[271],"ga4_page_customer_journey_stage":[],"ga4_page_customer_specialty":[],"ga4_page_experience":[],"ga4_page_indication":[431],"ga4_page_material_intent":[438],"ga4_page_product":[522],"ga4_page_region":[662],"ga4_page_therapeuticarea":[689],"class_list":["post-5679","page","type-page","status-publish","hentry"],"yoast_head":"<!-- This site is optimized with the Yoast SEO plugin v27.0 - https:\/\/yoast.com\/product\/yoast-seo-wordpress\/ -->\n<title>Gesundheitsbotschafter:innen Kontaktformular - Brustkrebs<\/title>\n<meta name=\"description\" content=\"Gemeinsam mit unseren Projekt- und Kooperationspartner:innen unterst\u00fctzen wir Freiwillige Gesundheitsbotschafter:innen aus internationalen Communities. Sie helfen dabei, Frauen f\u00fcr Vorsorgeuntersuchungen zu sensibilisieren und beantworten Fragen zu frauenspezifischen Krebserkrankungen \u2013 zum Beispiel, wie man \u00fcber dieses sensible Thema spricht.\" \/>\n<meta name=\"robots\" content=\"index, follow, max-snippet:-1, max-image-preview:large, max-video-preview:-1\" \/>\n<link rel=\"canonical\" href=\"https:\/\/www.gesundheit-im-blick.at\/brustkrebs\/gesundheitsbotschafterin-kontakt\/\" \/>\n<meta property=\"og:locale\" content=\"en_GB\" \/>\n<meta property=\"og:type\" content=\"article\" \/>\n<meta property=\"og:title\" content=\"Gesundheitsbotschafter:innen Kontaktformular - Brustkrebs\" \/>\n<meta property=\"og:description\" content=\"Gemeinsam mit unseren Projekt- und Kooperationspartner:innen unterst\u00fctzen wir Freiwillige Gesundheitsbotschafter:innen aus internationalen Communities. Sie helfen dabei, Frauen f\u00fcr Vorsorgeuntersuchungen zu sensibilisieren und beantworten Fragen zu frauenspezifischen Krebserkrankungen \u2013 zum Beispiel, wie man \u00fcber dieses sensible Thema spricht.\" \/>\n<meta property=\"og:url\" content=\"https:\/\/www.gesundheit-im-blick.at\/brustkrebs\/gesundheitsbotschafterin-kontakt\/\" \/>\n<meta property=\"og:site_name\" content=\"Brustkrebs\" \/>\n<meta property=\"article:modified_time\" content=\"2025-11-11T00:39:14+00:00\" \/>\n<meta name=\"twitter:card\" content=\"summary_large_image\" \/>\n<script type=\"application\/ld+json\" class=\"yoast-schema-graph\">{\"@context\":\"https:\/\/schema.org\",\"@graph\":[{\"@type\":\"WebPage\",\"@id\":\"https:\/\/www.gesundheit-im-blick.at\/brustkrebs\/gesundheitsbotschafterin-kontakt\/\",\"url\":\"https:\/\/www.gesundheit-im-blick.at\/brustkrebs\/gesundheitsbotschafterin-kontakt\/\",\"name\":\"Gesundheitsbotschafter:innen Kontaktformular - Brustkrebs\",\"isPartOf\":{\"@id\":\"https:\/\/www.gesundheit-im-blick.at\/brustkrebs\/#website\"},\"datePublished\":\"2025-09-24T22:16:37+00:00\",\"dateModified\":\"2025-11-11T00:39:14+00:00\",\"description\":\"Gemeinsam mit unseren Projekt- und Kooperationspartner:innen unterst\u00fctzen wir Freiwillige Gesundheitsbotschafter:innen aus internationalen Communities. Sie helfen dabei, Frauen f\u00fcr Vorsorgeuntersuchungen zu sensibilisieren und beantworten Fragen zu frauenspezifischen Krebserkrankungen \u2013 zum Beispiel, wie man \u00fcber dieses sensible Thema spricht.\",\"breadcrumb\":{\"@id\":\"https:\/\/www.gesundheit-im-blick.at\/brustkrebs\/gesundheitsbotschafterin-kontakt\/#breadcrumb\"},\"inLanguage\":\"en-GB\",\"potentialAction\":[{\"@type\":\"ReadAction\",\"target\":[\"https:\/\/www.gesundheit-im-blick.at\/brustkrebs\/gesundheitsbotschafterin-kontakt\/\"]}]},{\"@type\":\"BreadcrumbList\",\"@id\":\"https:\/\/www.gesundheit-im-blick.at\/brustkrebs\/gesundheitsbotschafterin-kontakt\/#breadcrumb\",\"itemListElement\":[{\"@type\":\"ListItem\",\"position\":1,\"name\":\"Home\",\"item\":\"https:\/\/www.gesundheit-im-blick.at\/brustkrebs\/\"},{\"@type\":\"ListItem\",\"position\":2,\"name\":\"Gesundheitsbotschafter:innen Kontaktformular\"}]},{\"@type\":\"WebSite\",\"@id\":\"https:\/\/www.gesundheit-im-blick.at\/brustkrebs\/#website\",\"url\":\"https:\/\/www.gesundheit-im-blick.at\/brustkrebs\/\",\"name\":\"Brustkrebs\",\"description\":\"Gesundheit im Blick\",\"potentialAction\":[{\"@type\":\"SearchAction\",\"target\":{\"@type\":\"EntryPoint\",\"urlTemplate\":\"https:\/\/www.gesundheit-im-blick.at\/brustkrebs\/?s={search_term_string}\"},\"query-input\":{\"@type\":\"PropertyValueSpecification\",\"valueRequired\":true,\"valueName\":\"search_term_string\"}}],\"inLanguage\":\"en-GB\"}]}<\/script>\n<!-- \/ Yoast SEO plugin. -->","yoast_head_json":{"title":"Gesundheitsbotschafter:innen Kontaktformular - Brustkrebs","description":"Gemeinsam mit unseren Projekt- und Kooperationspartner:innen unterst\u00fctzen wir Freiwillige Gesundheitsbotschafter:innen aus internationalen Communities. Sie helfen dabei, Frauen f\u00fcr Vorsorgeuntersuchungen zu sensibilisieren und beantworten Fragen zu frauenspezifischen Krebserkrankungen \u2013 zum Beispiel, wie man \u00fcber dieses sensible Thema spricht.","robots":{"index":"index","follow":"follow","max-snippet":"max-snippet:-1","max-image-preview":"max-image-preview:large","max-video-preview":"max-video-preview:-1"},"canonical":"https:\/\/www.gesundheit-im-blick.at\/brustkrebs\/gesundheitsbotschafterin-kontakt\/","og_locale":"en_GB","og_type":"article","og_title":"Gesundheitsbotschafter:innen Kontaktformular - Brustkrebs","og_description":"Gemeinsam mit unseren Projekt- und Kooperationspartner:innen unterst\u00fctzen wir Freiwillige Gesundheitsbotschafter:innen aus internationalen Communities. Sie helfen dabei, Frauen f\u00fcr Vorsorgeuntersuchungen zu sensibilisieren und beantworten Fragen zu frauenspezifischen Krebserkrankungen \u2013 zum Beispiel, wie man \u00fcber dieses sensible Thema spricht.","og_url":"https:\/\/www.gesundheit-im-blick.at\/brustkrebs\/gesundheitsbotschafterin-kontakt\/","og_site_name":"Brustkrebs","article_modified_time":"2025-11-11T00:39:14+00:00","twitter_card":"summary_large_image","schema":{"@context":"https:\/\/schema.org","@graph":[{"@type":"WebPage","@id":"https:\/\/www.gesundheit-im-blick.at\/brustkrebs\/gesundheitsbotschafterin-kontakt\/","url":"https:\/\/www.gesundheit-im-blick.at\/brustkrebs\/gesundheitsbotschafterin-kontakt\/","name":"Gesundheitsbotschafter:innen Kontaktformular - Brustkrebs","isPartOf":{"@id":"https:\/\/www.gesundheit-im-blick.at\/brustkrebs\/#website"},"datePublished":"2025-09-24T22:16:37+00:00","dateModified":"2025-11-11T00:39:14+00:00","description":"Gemeinsam mit unseren Projekt- und Kooperationspartner:innen unterst\u00fctzen wir Freiwillige Gesundheitsbotschafter:innen aus internationalen Communities. Sie helfen dabei, Frauen f\u00fcr Vorsorgeuntersuchungen zu sensibilisieren und beantworten Fragen zu frauenspezifischen Krebserkrankungen \u2013 zum Beispiel, wie man \u00fcber dieses sensible Thema spricht.","breadcrumb":{"@id":"https:\/\/www.gesundheit-im-blick.at\/brustkrebs\/gesundheitsbotschafterin-kontakt\/#breadcrumb"},"inLanguage":"en-GB","potentialAction":[{"@type":"ReadAction","target":["https:\/\/www.gesundheit-im-blick.at\/brustkrebs\/gesundheitsbotschafterin-kontakt\/"]}]},{"@type":"BreadcrumbList","@id":"https:\/\/www.gesundheit-im-blick.at\/brustkrebs\/gesundheitsbotschafterin-kontakt\/#breadcrumb","itemListElement":[{"@type":"ListItem","position":1,"name":"Home","item":"https:\/\/www.gesundheit-im-blick.at\/brustkrebs\/"},{"@type":"ListItem","position":2,"name":"Gesundheitsbotschafter:innen Kontaktformular"}]},{"@type":"WebSite","@id":"https:\/\/www.gesundheit-im-blick.at\/brustkrebs\/#website","url":"https:\/\/www.gesundheit-im-blick.at\/brustkrebs\/","name":"Brustkrebs","description":"Gesundheit im Blick","potentialAction":[{"@type":"SearchAction","target":{"@type":"EntryPoint","urlTemplate":"https:\/\/www.gesundheit-im-blick.at\/brustkrebs\/?s={search_term_string}"},"query-input":{"@type":"PropertyValueSpecification","valueRequired":true,"valueName":"search_term_string"}}],"inLanguage":"en-GB"}]}},"_links":{"self":[{"href":"https:\/\/www.gesundheit-im-blick.at\/brustkrebs\/wp-json\/wp\/v2\/pages\/5679","targetHints":{"allow":["GET"]}}],"collection":[{"href":"https:\/\/www.gesundheit-im-blick.at\/brustkrebs\/wp-json\/wp\/v2\/pages"}],"about":[{"href":"https:\/\/www.gesundheit-im-blick.at\/brustkrebs\/wp-json\/wp\/v2\/types\/page"}],"author":[{"embeddable":true,"href":"https:\/\/www.gesundheit-im-blick.at\/brustkrebs\/wp-json\/wp\/v2\/users\/927"}],"replies":[{"embeddable":true,"href":"https:\/\/www.gesundheit-im-blick.at\/brustkrebs\/wp-json\/wp\/v2\/comments?post=5679"}],"version-history":[{"count":35,"href":"https:\/\/www.gesundheit-im-blick.at\/brustkrebs\/wp-json\/wp\/v2\/pages\/5679\/revisions"}],"predecessor-version":[{"id":6404,"href":"https:\/\/www.gesundheit-im-blick.at\/brustkrebs\/wp-json\/wp\/v2\/pages\/5679\/revisions\/6404"}],"wp:attachment":[{"href":"https:\/\/www.gesundheit-im-blick.at\/brustkrebs\/wp-json\/wp\/v2\/media?parent=5679"}],"wp:term":[{"taxonomy":"ga4_page_audience","embeddable":true,"href":"https:\/\/www.gesundheit-im-blick.at\/brustkrebs\/wp-json\/wp\/v2\/ga4_page_audience?post=5679"},{"taxonomy":"ga4_page_birn_id","embeddable":true,"href":"https:\/\/www.gesundheit-im-blick.at\/brustkrebs\/wp-json\/wp\/v2\/ga4_page_birn_id?post=5679"},{"taxonomy":"ga4_page_branding","embeddable":true,"href":"https:\/\/www.gesundheit-im-blick.at\/brustkrebs\/wp-json\/wp\/v2\/ga4_page_branding?post=5679"},{"taxonomy":"ga4_page_businessunit","embeddable":true,"href":"https:\/\/www.gesundheit-im-blick.at\/brustkrebs\/wp-json\/wp\/v2\/ga4_page_businessunit?post=5679"},{"taxonomy":"ga4_page_campaign","embeddable":true,"href":"https:\/\/www.gesundheit-im-blick.at\/brustkrebs\/wp-json\/wp\/v2\/ga4_page_campaign?post=5679"},{"taxonomy":"ga4_page_content_purpose","embeddable":true,"href":"https:\/\/www.gesundheit-im-blick.at\/brustkrebs\/wp-json\/wp\/v2\/ga4_page_content_purpose?post=5679"},{"taxonomy":"ga4_page_customer_journey_stage","embeddable":true,"href":"https:\/\/www.gesundheit-im-blick.at\/brustkrebs\/wp-json\/wp\/v2\/ga4_page_customer_journey_stage?post=5679"},{"taxonomy":"ga4_page_customer_specialty","embeddable":true,"href":"https:\/\/www.gesundheit-im-blick.at\/brustkrebs\/wp-json\/wp\/v2\/ga4_page_customer_specialty?post=5679"},{"taxonomy":"ga4_page_experience","embeddable":true,"href":"https:\/\/www.gesundheit-im-blick.at\/brustkrebs\/wp-json\/wp\/v2\/ga4_page_experience?post=5679"},{"taxonomy":"ga4_page_indication","embeddable":true,"href":"https:\/\/www.gesundheit-im-blick.at\/brustkrebs\/wp-json\/wp\/v2\/ga4_page_indication?post=5679"},{"taxonomy":"ga4_page_material_intent","embeddable":true,"href":"https:\/\/www.gesundheit-im-blick.at\/brustkrebs\/wp-json\/wp\/v2\/ga4_page_material_intent?post=5679"},{"taxonomy":"ga4_page_product","embeddable":true,"href":"https:\/\/www.gesundheit-im-blick.at\/brustkrebs\/wp-json\/wp\/v2\/ga4_page_product?post=5679"},{"taxonomy":"ga4_page_region","embeddable":true,"href":"https:\/\/www.gesundheit-im-blick.at\/brustkrebs\/wp-json\/wp\/v2\/ga4_page_region?post=5679"},{"taxonomy":"ga4_page_therapeuticarea","embeddable":true,"href":"https:\/\/www.gesundheit-im-blick.at\/brustkrebs\/wp-json\/wp\/v2\/ga4_page_therapeuticarea?post=5679"}],"curies":[{"name":"wp","href":"https:\/\/api.w.org\/{rel}","templated":true}]}}